{"id":202,"date":"2022-04-13T16:02:59","date_gmt":"2022-04-13T16:02:59","guid":{"rendered":"https:\/\/reservehotelsurubim.com.br\/?page_id=202"},"modified":"2024-07-05T14:11:53","modified_gmt":"2024-07-05T14:11:53","slug":"o-hotel","status":"publish","type":"page","link":"https:\/\/reservehotelsurubim.com.br\/","title":{"rendered":"O Hotel"},"content":{"rendered":"\n<p>A divers\u00e3o \u00e9 garantida para todas as idades. O parquinho infantil \u00e9, sem d\u00favida, mais uma op\u00e7\u00e3o de lazer para as crian\u00e7as. O espa\u00e7o \u00e9 destinado ao lazer e o desenvolvimento f\u00edsico dos garotos. <\/p>\n\n\n\n<p>O Reserve Hotel disp\u00f5e tamb\u00e9m de uma extensa \u00e1rea de lazer, com piscina para adulto e crian\u00e7a, al\u00e9m de som ambiente. Tudo isso a fim de proporcionar a seus h\u00f3spedes momentos de muita tranquilidade, relaxamento e descontra\u00e7\u00e3o.<\/p>\n\n\n\n<figure class=\"wp-block-gallery has-nested-images columns-default is-cropped wp-block-gallery-1 is-layout-flex wp-block-gallery-is-layout-flex\">\n<figure class=\"wp-block-image size-large\"><img loading=\"lazy\" decoding=\"async\" width=\"2000\" height=\"1199\" data-id=\"211\" src=\"https:\/\/reservehotelsurubim.com.br\/wp-content\/uploads\/2022\/04\/cropped-PistaDeCooper5-scaled-1.jpg\" alt=\"\" class=\"wp-image-211\" srcset=\"https:\/\/reservehotelsurubim.com.br\/wp-content\/uploads\/2022\/04\/cropped-PistaDeCooper5-scaled-1.jpg 2000w, https:\/\/reservehotelsurubim.com.br\/wp-content\/uploads\/2022\/04\/cropped-PistaDeCooper5-scaled-1-300x180.jpg 300w, https:\/\/reservehotelsurubim.com.br\/wp-content\/uploads\/2022\/04\/cropped-PistaDeCooper5-scaled-1-1024x614.jpg 1024w, https:\/\/reservehotelsurubim.com.br\/wp-content\/uploads\/2022\/04\/cropped-PistaDeCooper5-scaled-1-768x460.jpg 768w, https:\/\/reservehotelsurubim.com.br\/wp-content\/uploads\/2022\/04\/cropped-PistaDeCooper5-scaled-1-1536x921.jpg 1536w\" sizes=\"auto, (max-width: 706px) 89vw, (max-width: 767px) 82vw, 740px\" \/><\/figure>\n\n\n\n<figure class=\"wp-block-image size-large\"><img loading=\"lazy\" decoding=\"async\" width=\"2560\" height=\"1700\" data-id=\"168\" src=\"https:\/\/reservehotelsurubim.com.br\/wp-content\/uploads\/2022\/04\/Fachada6-scaled.jpg\" alt=\"\" class=\"wp-image-168\" srcset=\"https:\/\/reservehotelsurubim.com.br\/wp-content\/uploads\/2022\/04\/Fachada6-scaled.jpg 2560w, https:\/\/reservehotelsurubim.com.br\/wp-content\/uploads\/2022\/04\/Fachada6-300x199.jpg 300w, https:\/\/reservehotelsurubim.com.br\/wp-content\/uploads\/2022\/04\/Fachada6-1024x680.jpg 1024w, https:\/\/reservehotelsurubim.com.br\/wp-content\/uploads\/2022\/04\/Fachada6-768x510.jpg 768w, https:\/\/reservehotelsurubim.com.br\/wp-content\/uploads\/2022\/04\/Fachada6-1536x1020.jpg 1536w, https:\/\/reservehotelsurubim.com.br\/wp-content\/uploads\/2022\/04\/Fachada6-2048x1360.jpg 2048w, https:\/\/reservehotelsurubim.com.br\/wp-content\/uploads\/2022\/04\/Fachada6-1200x797.jpg 1200w, https:\/\/reservehotelsurubim.com.br\/wp-content\/uploads\/2022\/04\/Fachada6-1980x1315.jpg 1980w\" sizes=\"auto, (max-width: 706px) 89vw, (max-width: 767px) 82vw, 740px\" \/><\/figure>\n\n\n\n<figure class=\"wp-block-image size-large\"><img loading=\"lazy\" decoding=\"async\" width=\"1920\" height=\"1280\" data-id=\"104\" src=\"https:\/\/reservehotelsurubim.com.br\/wp-content\/uploads\/2022\/01\/piscina.jpg\" alt=\"\" class=\"wp-image-104\" srcset=\"https:\/\/reservehotelsurubim.com.br\/wp-content\/uploads\/2022\/01\/piscina.jpg 1920w, https:\/\/reservehotelsurubim.com.br\/wp-content\/uploads\/2022\/01\/piscina-300x200.jpg 300w, https:\/\/reservehotelsurubim.com.br\/wp-content\/uploads\/2022\/01\/piscina-1024x683.jpg 1024w, https:\/\/reservehotelsurubim.com.br\/wp-content\/uploads\/2022\/01\/piscina-768x512.jpg 768w, https:\/\/reservehotelsurubim.com.br\/wp-content\/uploads\/2022\/01\/piscina-1536x1024.jpg 1536w, https:\/\/reservehotelsurubim.com.br\/wp-content\/uploads\/2022\/01\/piscina-1200x800.jpg 1200w\" sizes=\"auto, (max-width: 706px) 89vw, (max-width: 767px) 82vw, 740px\" \/><\/figure>\n\n\n\n<figure class=\"wp-block-image size-large\"><img loading=\"lazy\" decoding=\"async\" width=\"2560\" height=\"1707\" data-id=\"169\" src=\"https:\/\/reservehotelsurubim.com.br\/wp-content\/uploads\/2022\/04\/Jardim4-scaled.jpg\" alt=\"Reserve Hotel\" class=\"wp-image-169\" srcset=\"https:\/\/reservehotelsurubim.com.br\/wp-content\/uploads\/2022\/04\/Jardim4-scaled.jpg 2560w, https:\/\/reservehotelsurubim.com.br\/wp-content\/uploads\/2022\/04\/Jardim4-300x200.jpg 300w, https:\/\/reservehotelsurubim.com.br\/wp-content\/uploads\/2022\/04\/Jardim4-1024x683.jpg 1024w, https:\/\/reservehotelsurubim.com.br\/wp-content\/uploads\/2022\/04\/Jardim4-768x512.jpg 768w, https:\/\/reservehotelsurubim.com.br\/wp-content\/uploads\/2022\/04\/Jardim4-1536x1024.jpg 1536w, https:\/\/reservehotelsurubim.com.br\/wp-content\/uploads\/2022\/04\/Jardim4-2048x1365.jpg 2048w, https:\/\/reservehotelsurubim.com.br\/wp-content\/uploads\/2022\/04\/Jardim4-1200x800.jpg 1200w, https:\/\/reservehotelsurubim.com.br\/wp-content\/uploads\/2022\/04\/Jardim4-1980x1320.jpg 1980w\" sizes=\"auto, (max-width: 706px) 89vw, (max-width: 767px) 82vw, 740px\" \/><\/figure>\n\n\n\n<figure class=\"wp-block-image size-large\"><img loading=\"lazy\" decoding=\"async\" width=\"2000\" height=\"1199\" data-id=\"216\" src=\"https:\/\/reservehotelsurubim.com.br\/wp-content\/uploads\/2022\/04\/cropped-anuncioParque.png\" alt=\"\" class=\"wp-image-216\" srcset=\"https:\/\/reservehotelsurubim.com.br\/wp-content\/uploads\/2022\/04\/cropped-anuncioParque.png 2000w, https:\/\/reservehotelsurubim.com.br\/wp-content\/uploads\/2022\/04\/cropped-anuncioParque-300x180.png 300w, https:\/\/reservehotelsurubim.com.br\/wp-content\/uploads\/2022\/04\/cropped-anuncioParque-1024x614.png 1024w, https:\/\/reservehotelsurubim.com.br\/wp-content\/uploads\/2022\/04\/cropped-anuncioParque-768x460.png 768w, https:\/\/reservehotelsurubim.com.br\/wp-content\/uploads\/2022\/04\/cropped-anuncioParque-1536x921.png 1536w\" sizes=\"auto, (max-width: 706px) 89vw, (max-width: 767px) 82vw, 740px\" \/><\/figure>\n<\/figure>\n\n\n\n<p>Para que os h\u00f3spedes consigam manter a rotina de atividades f\u00edsicas durante sua estadia, o Reserve Hotel disp\u00f5e de uma academia equipada com aparelhos de muscula\u00e7\u00e3o e aer\u00f3bicos, ambiente climatizado, TV e sistema de som.<\/p>\n\n\n\n<p>Al\u00e9m da academia, para quem gosta de fazer exerc\u00edcios ao ar livre, o Hotel disp\u00f5e tamb\u00e9m de uma pista de Cooper e caminhada, perfeito para continuar em dia com os exerc\u00edcios.<\/p>\n\n\n\n<figure class=\"wp-block-gallery has-nested-images columns-default is-cropped wp-block-gallery-2 is-layout-flex wp-block-gallery-is-layout-flex\">\n<figure class=\"wp-block-image size-full\"><img loading=\"lazy\" decoding=\"async\" width=\"575\" height=\"721\" data-id=\"308\" src=\"https:\/\/reservehotelsurubim.com.br\/wp-content\/uploads\/2024\/07\/Captura-de-Tela-2024-07-05-as-11.10.50.png\" alt=\"\" class=\"wp-image-308\" srcset=\"https:\/\/reservehotelsurubim.com.br\/wp-content\/uploads\/2024\/07\/Captura-de-Tela-2024-07-05-as-11.10.50.png 575w, https:\/\/reservehotelsurubim.com.br\/wp-content\/uploads\/2024\/07\/Captura-de-Tela-2024-07-05-as-11.10.50-239x300.png 239w\" sizes=\"auto, (max-width: 575px) 100vw, 575px\" \/><\/figure>\n\n\n\n<figure class=\"wp-block-image size-large\"><img loading=\"lazy\" decoding=\"async\" width=\"500\" height=\"375\" data-id=\"232\" src=\"https:\/\/reservehotelsurubim.com.br\/wp-content\/uploads\/2022\/04\/36482432.jpg\" alt=\"\" class=\"wp-image-232\" srcset=\"https:\/\/reservehotelsurubim.com.br\/wp-content\/uploads\/2022\/04\/36482432.jpg 500w, https:\/\/reservehotelsurubim.com.br\/wp-content\/uploads\/2022\/04\/36482432-300x225.jpg 300w\" sizes=\"auto, (max-width: 500px) 100vw, 500px\" \/><\/figure>\n\n\n\n<figure class=\"wp-block-image size-large\"><img loading=\"lazy\" decoding=\"async\" width=\"500\" height=\"375\" data-id=\"233\" src=\"https:\/\/reservehotelsurubim.com.br\/wp-content\/uploads\/2022\/04\/36482469.jpg\" alt=\"\" class=\"wp-image-233\" srcset=\"https:\/\/reservehotelsurubim.com.br\/wp-content\/uploads\/2022\/04\/36482469.jpg 500w, https:\/\/reservehotelsurubim.com.br\/wp-content\/uploads\/2022\/04\/36482469-300x225.jpg 300w\" sizes=\"auto, (max-width: 500px) 100vw, 500px\" \/><\/figure>\n\n\n\n<figure class=\"wp-block-image size-large\"><img loading=\"lazy\" decoding=\"async\" width=\"1280\" height=\"850\" data-id=\"234\" src=\"https:\/\/reservehotelsurubim.com.br\/wp-content\/uploads\/2022\/04\/26844860.jpg\" alt=\"\" class=\"wp-image-234\" srcset=\"https:\/\/reservehotelsurubim.com.br\/wp-content\/uploads\/2022\/04\/26844860.jpg 1280w, https:\/\/reservehotelsurubim.com.br\/wp-content\/uploads\/2022\/04\/26844860-300x199.jpg 300w, https:\/\/reservehotelsurubim.com.br\/wp-content\/uploads\/2022\/04\/26844860-1024x680.jpg 1024w, https:\/\/reservehotelsurubim.com.br\/wp-content\/uploads\/2022\/04\/26844860-768x510.jpg 768w\" sizes=\"auto, (max-width: 706px) 89vw, (max-width: 767px) 82vw, 740px\" \/><\/figure>\n\n\n\n<figure class=\"wp-block-image size-large\"><img loading=\"lazy\" decoding=\"async\" width=\"500\" height=\"375\" data-id=\"235\" src=\"https:\/\/reservehotelsurubim.com.br\/wp-content\/uploads\/2022\/04\/36482466.jpg\" alt=\"\" class=\"wp-image-235\" srcset=\"https:\/\/reservehotelsurubim.com.br\/wp-content\/uploads\/2022\/04\/36482466.jpg 500w, https:\/\/reservehotelsurubim.com.br\/wp-content\/uploads\/2022\/04\/36482466-300x225.jpg 300w\" sizes=\"auto, (max-width: 500px) 100vw, 500px\" \/><\/figure>\n<\/figure>\n\n\n\n<p>Sua infraestrutura confere ao audit\u00f3rio do Reserve Hotel, o t\u00edtulo de um dos melhores e completos espa\u00e7os da cidade para palestras e eventos coorporativos. A \u00e1rea conta com um hall, que facilita o acesso de idosos e portadores de necessidades especiais. O audit\u00f3rio conta tamb\u00e9m com um espa\u00e7o pr\u00f3ximo para realiza\u00e7\u00e3o de coquet\u00e9is, coffee-break e confraterniza\u00e7\u00f5es. O aconchegante e elegante audit\u00f3rio possui: data show, teto ac\u00fastico, ar-condicionado, sistema de som, microfone e uma ilumina\u00e7\u00e3o moderna. Essas facilidades tornam o ambiente ainda mais flex\u00edvel para receber eventos de diversos tamanhos e estilos.<\/p>\n\n\n\n<p>O Reserve Hotel oferece o caf\u00e9 da manh\u00e3 no restaurante que possui um ambiente moderno, iluminado e aut\u00eantico. O espa\u00e7o \u00e9 climatizado com som ambiente perfeito para come\u00e7ar o dia com qualidade.&nbsp; Com uma variedade de sucos, frutas, p\u00e3es, frios, bolos, tapiocas, comidas quentes&nbsp;entre outros. Ideal para quem busca uma refei\u00e7\u00e3o matinal equilibrada, mas igualmente saborosa.<\/p>\n\n\n\n<figure class=\"wp-block-gallery has-nested-images columns-default is-cropped wp-block-gallery-3 is-layout-flex wp-block-gallery-is-layout-flex\">\n<figure class=\"wp-block-image size-large\"><img loading=\"lazy\" decoding=\"async\" width=\"1200\" height=\"900\" data-id=\"236\" src=\"https:\/\/reservehotelsurubim.com.br\/wp-content\/uploads\/2022\/04\/26844853.jpg\" alt=\"\" class=\"wp-image-236\" srcset=\"https:\/\/reservehotelsurubim.com.br\/wp-content\/uploads\/2022\/04\/26844853.jpg 1200w, https:\/\/reservehotelsurubim.com.br\/wp-content\/uploads\/2022\/04\/26844853-300x225.jpg 300w, https:\/\/reservehotelsurubim.com.br\/wp-content\/uploads\/2022\/04\/26844853-1024x768.jpg 1024w, https:\/\/reservehotelsurubim.com.br\/wp-content\/uploads\/2022\/04\/26844853-768x576.jpg 768w\" sizes=\"auto, (max-width: 706px) 89vw, (max-width: 767px) 82vw, 740px\" \/><\/figure>\n\n\n\n<figure class=\"wp-block-image size-large\"><img loading=\"lazy\" decoding=\"async\" width=\"1024\" height=\"683\" data-id=\"237\" src=\"https:\/\/reservehotelsurubim.com.br\/wp-content\/uploads\/2022\/04\/225569903.jpg\" alt=\"\" class=\"wp-image-237\" srcset=\"https:\/\/reservehotelsurubim.com.br\/wp-content\/uploads\/2022\/04\/225569903.jpg 1024w, https:\/\/reservehotelsurubim.com.br\/wp-content\/uploads\/2022\/04\/225569903-300x200.jpg 300w, https:\/\/reservehotelsurubim.com.br\/wp-content\/uploads\/2022\/04\/225569903-768x512.jpg 768w\" sizes=\"auto, (max-width: 706px) 89vw, (max-width: 767px) 82vw, 740px\" \/><\/figure>\n\n\n\n<figure class=\"wp-block-image size-large\"><img loading=\"lazy\" decoding=\"async\" width=\"1280\" height=\"850\" data-id=\"238\" src=\"https:\/\/reservehotelsurubim.com.br\/wp-content\/uploads\/2022\/04\/26844856.jpg\" alt=\"\" class=\"wp-image-238\" srcset=\"https:\/\/reservehotelsurubim.com.br\/wp-content\/uploads\/2022\/04\/26844856.jpg 1280w, https:\/\/reservehotelsurubim.com.br\/wp-content\/uploads\/2022\/04\/26844856-300x199.jpg 300w, https:\/\/reservehotelsurubim.com.br\/wp-content\/uploads\/2022\/04\/26844856-1024x680.jpg 1024w, https:\/\/reservehotelsurubim.com.br\/wp-content\/uploads\/2022\/04\/26844856-768x510.jpg 768w\" sizes=\"auto, (max-width: 706px) 89vw, (max-width: 767px) 82vw, 740px\" \/><\/figure>\n\n\n\n<figure class=\"wp-block-image size-large\"><img loading=\"lazy\" decoding=\"async\" width=\"2560\" height=\"1707\" data-id=\"239\" src=\"https:\/\/reservehotelsurubim.com.br\/wp-content\/uploads\/2022\/04\/Estacionamento1-scaled.jpg\" alt=\"\" class=\"wp-image-239\" srcset=\"https:\/\/reservehotelsurubim.com.br\/wp-content\/uploads\/2022\/04\/Estacionamento1-scaled.jpg 2560w, https:\/\/reservehotelsurubim.com.br\/wp-content\/uploads\/2022\/04\/Estacionamento1-300x200.jpg 300w, https:\/\/reservehotelsurubim.com.br\/wp-content\/uploads\/2022\/04\/Estacionamento1-1024x683.jpg 1024w, https:\/\/reservehotelsurubim.com.br\/wp-content\/uploads\/2022\/04\/Estacionamento1-768x512.jpg 768w, https:\/\/reservehotelsurubim.com.br\/wp-content\/uploads\/2022\/04\/Estacionamento1-1536x1024.jpg 1536w, https:\/\/reservehotelsurubim.com.br\/wp-content\/uploads\/2022\/04\/Estacionamento1-2048x1365.jpg 2048w\" sizes=\"auto, (max-width: 706px) 89vw, (max-width: 767px) 82vw, 740px\" \/><\/figure>\n<\/figure>\n\n\n\n<p>O mezanino apresenta um ambiente aconchegante e confort\u00e1vel com instala\u00e7\u00f5es ideais para leitura de jornais, livros e revistas. A sala de estar apresenta um ambiente aconchegante com modernas instala\u00e7\u00f5es agrad\u00e1veis aos h\u00f3spedes. Equipado com TV LED, mesas para r\u00e1pidas reuni\u00f5es de trabalho e sof\u00e1s.<\/p>\n\n\n\n<p>Localizado no primeiro andar dos blocos de apartamentos, o terra\u00e7o tamb\u00e9m se prov\u00ea como um local agrad\u00e1vel e bem ventilado para os h\u00f3spedes.<\/p>\n\n\n\n<p>O Reserve Hotel possui um amplo, r\u00e1pido e f\u00e1cil estacionamento. Oferecendo 52 vagas. Ideal para os h\u00f3spedes que buscam uma praticidade no embarque\/desembarque.<\/p>\n\n\n\n<hr class=\"wp-block-separator has-css-opacity\"\/>\n\n\n\n<div class=\"wp-block-buttons is-layout-flex wp-block-buttons-is-layout-flex\">\n<div class=\"wp-block-button has-custom-width wp-block-button__width-100 aligncenter\"><a class=\"wp-block-button__link has-vivid-green-cyan-background-color has-background wp-element-button\" href=\"http:\/\/api.whatsapp.com\/send?1=pt_BR&amp;phone=5581995898881&amp;text=Ol\u00e1%20Reserve%20Hotel!%20Eu%20gostaria%20de%20reservar\" target=\"_blank\" rel=\"noreferrer noopener\">Reserve Agora pelo WhatsApp<\/a><\/div>\n<\/div>\n","protected":false},"excerpt":{"rendered":"<p>A divers\u00e3o \u00e9 garantida para todas as idades. O parquinho infantil \u00e9, sem d\u00favida, mais uma op\u00e7\u00e3o de lazer para as crian\u00e7as. O espa\u00e7o \u00e9 destinado ao lazer e o desenvolvimento f\u00edsico dos garotos. O Reserve Hotel disp\u00f5e tamb\u00e9m de uma extensa \u00e1rea de lazer, com piscina para adulto e crian\u00e7a, al\u00e9m de som ambiente. &hellip; <\/p>\n<p class=\"link-more\"><a href=\"https:\/\/reservehotelsurubim.com.br\/\" class=\"more-link\">Continue lendo<span class=\"screen-reader-text\"> &#8220;O Hotel&#8221;<\/span><\/a><\/p>\n","protected":false},"author":1,"featured_media":0,"parent":0,"menu_order":0,"comment_status":"closed","ping_status":"closed","template":"","meta":{"om_disable_all_campaigns":false,"_mi_skip_tracking":false,"footnotes":""},"class_list":["post-202","page","type-page","status-publish","hentry"],"yoast_head":"<!-- This site is optimized with the Yoast SEO plugin v27.4 - https:\/\/yoast.com\/product\/yoast-seo-wordpress\/ -->\n<title>O Hotel |<\/title>\n<meta name=\"description\" content=\"O Reserve Hotel disponibiliza confort\u00e1veis apartamentos com uma excelente infraestrutura voltada para neg\u00f3cios e lazer.\" \/>\n<meta name=\"robots\" content=\"index, follow, max-snippet:-1, max-image-preview:large, max-video-preview:-1\" \/>\n<link rel=\"canonical\" href=\"https:\/\/reservehotelsurubim.com.br\/\" \/>\n<meta property=\"og:locale\" content=\"pt_BR\" \/>\n<meta property=\"og:type\" content=\"article\" \/>\n<meta property=\"og:title\" content=\"O Hotel |\" \/>\n<meta property=\"og:description\" content=\"O Reserve Hotel disponibiliza confort\u00e1veis apartamentos com uma excelente infraestrutura voltada para neg\u00f3cios e lazer.\" \/>\n<meta property=\"og:url\" content=\"https:\/\/reservehotelsurubim.com.br\/\" \/>\n<meta property=\"article:publisher\" content=\"https:\/\/www.facebook.com\/reservehotelsurubim\" \/>\n<meta property=\"article:modified_time\" content=\"2024-07-05T14:11:53+00:00\" \/>\n<meta property=\"og:image\" content=\"https:\/\/reservehotelsurubim.com.br\/wp-content\/uploads\/2022\/04\/cropped-PistaDeCooper5-scaled-1.jpg\" \/>\n<meta name=\"twitter:card\" content=\"summary_large_image\" \/>\n<meta name=\"twitter:label1\" content=\"Est. tempo de leitura\" \/>\n\t<meta name=\"twitter:data1\" content=\"5 minutos\" \/>\n<script type=\"application\/ld+json\" class=\"yoast-schema-graph\">{\"@context\":\"https:\\\/\\\/schema.org\",\"@graph\":[{\"@type\":\"WebPage\",\"@id\":\"https:\\\/\\\/reservehotelsurubim.com.br\\\/\",\"url\":\"https:\\\/\\\/reservehotelsurubim.com.br\\\/\",\"name\":\"O Hotel |\",\"isPartOf\":{\"@id\":\"https:\\\/\\\/reservehotelsurubim.com.br\\\/#website\"},\"primaryImageOfPage\":{\"@id\":\"https:\\\/\\\/reservehotelsurubim.com.br\\\/#primaryimage\"},\"image\":{\"@id\":\"https:\\\/\\\/reservehotelsurubim.com.br\\\/#primaryimage\"},\"thumbnailUrl\":\"https:\\\/\\\/reservehotelsurubim.com.br\\\/wp-content\\\/uploads\\\/2022\\\/04\\\/cropped-PistaDeCooper5-scaled-1.jpg\",\"datePublished\":\"2022-04-13T16:02:59+00:00\",\"dateModified\":\"2024-07-05T14:11:53+00:00\",\"description\":\"O Reserve Hotel disponibiliza confort\u00e1veis apartamentos com uma excelente infraestrutura voltada para neg\u00f3cios e lazer.\",\"breadcrumb\":{\"@id\":\"https:\\\/\\\/reservehotelsurubim.com.br\\\/#breadcrumb\"},\"inLanguage\":\"pt-BR\",\"potentialAction\":[{\"@type\":\"ReadAction\",\"target\":[\"https:\\\/\\\/reservehotelsurubim.com.br\\\/\"]}]},{\"@type\":\"ImageObject\",\"inLanguage\":\"pt-BR\",\"@id\":\"https:\\\/\\\/reservehotelsurubim.com.br\\\/#primaryimage\",\"url\":\"https:\\\/\\\/reservehotelsurubim.com.br\\\/wp-content\\\/uploads\\\/2022\\\/04\\\/cropped-PistaDeCooper5-scaled-1.jpg\",\"contentUrl\":\"https:\\\/\\\/reservehotelsurubim.com.br\\\/wp-content\\\/uploads\\\/2022\\\/04\\\/cropped-PistaDeCooper5-scaled-1.jpg\",\"width\":2000,\"height\":1199},{\"@type\":\"BreadcrumbList\",\"@id\":\"https:\\\/\\\/reservehotelsurubim.com.br\\\/#breadcrumb\",\"itemListElement\":[{\"@type\":\"ListItem\",\"position\":1,\"name\":\"In\u00edcio\",\"item\":\"https:\\\/\\\/reservehotelsurubim.com.br\\\/\"},{\"@type\":\"ListItem\",\"position\":2,\"name\":\"O Hotel\"}]},{\"@type\":\"WebSite\",\"@id\":\"https:\\\/\\\/reservehotelsurubim.com.br\\\/#website\",\"url\":\"https:\\\/\\\/reservehotelsurubim.com.br\\\/\",\"name\":\"Reserve Hotel Surubim\",\"description\":\"O Reserve Hotel disponibiliza confort\u00e1veis apartamentos com uma excelente infraestrutura voltada para neg\u00f3cios e lazer, o que representa uma das melhores op\u00e7\u00f5es em hospedagem na cidade de Surubim e regi\u00e3o.\",\"publisher\":{\"@id\":\"https:\\\/\\\/reservehotelsurubim.com.br\\\/#organization\"},\"alternateName\":\"Reserve Hotel\",\"potentialAction\":[{\"@type\":\"SearchAction\",\"target\":{\"@type\":\"EntryPoint\",\"urlTemplate\":\"https:\\\/\\\/reservehotelsurubim.com.br\\\/?s={search_term_string}\"},\"query-input\":{\"@type\":\"PropertyValueSpecification\",\"valueRequired\":true,\"valueName\":\"search_term_string\"}}],\"inLanguage\":\"pt-BR\"},{\"@type\":\"Organization\",\"@id\":\"https:\\\/\\\/reservehotelsurubim.com.br\\\/#organization\",\"name\":\"Reserve Hotel Surubim\",\"alternateName\":\"Reserve Hotel\",\"url\":\"https:\\\/\\\/reservehotelsurubim.com.br\\\/\",\"logo\":{\"@type\":\"ImageObject\",\"inLanguage\":\"pt-BR\",\"@id\":\"https:\\\/\\\/reservehotelsurubim.com.br\\\/#\\\/schema\\\/logo\\\/image\\\/\",\"url\":\"https:\\\/\\\/reservehotelsurubim.com.br\\\/wp-content\\\/uploads\\\/2022\\\/01\\\/cropped-reserve-hotel-logo.png\",\"contentUrl\":\"https:\\\/\\\/reservehotelsurubim.com.br\\\/wp-content\\\/uploads\\\/2022\\\/01\\\/cropped-reserve-hotel-logo.png\",\"width\":347,\"height\":250,\"caption\":\"Reserve Hotel Surubim\"},\"image\":{\"@id\":\"https:\\\/\\\/reservehotelsurubim.com.br\\\/#\\\/schema\\\/logo\\\/image\\\/\"},\"sameAs\":[\"https:\\\/\\\/www.facebook.com\\\/reservehotelsurubim\",\"https:\\\/\\\/www.instagram.com\\\/reservehotelsurubim\\\/\"]}]}<\/script>\n<!-- \/ Yoast SEO plugin. -->","yoast_head_json":{"title":"O Hotel |","description":"O Reserve Hotel disponibiliza confort\u00e1veis apartamentos com uma excelente infraestrutura voltada para neg\u00f3cios e lazer.","robots":{"index":"index","follow":"follow","max-snippet":"max-snippet:-1","max-image-preview":"max-image-preview:large","max-video-preview":"max-video-preview:-1"},"canonical":"https:\/\/reservehotelsurubim.com.br\/","og_locale":"pt_BR","og_type":"article","og_title":"O Hotel |","og_description":"O Reserve Hotel disponibiliza confort\u00e1veis apartamentos com uma excelente infraestrutura voltada para neg\u00f3cios e lazer.","og_url":"https:\/\/reservehotelsurubim.com.br\/","article_publisher":"https:\/\/www.facebook.com\/reservehotelsurubim","article_modified_time":"2024-07-05T14:11:53+00:00","og_image":[{"url":"https:\/\/reservehotelsurubim.com.br\/wp-content\/uploads\/2022\/04\/cropped-PistaDeCooper5-scaled-1.jpg","type":"","width":"","height":""}],"twitter_card":"summary_large_image","twitter_misc":{"Est. tempo de leitura":"5 minutos"},"schema":{"@context":"https:\/\/schema.org","@graph":[{"@type":"WebPage","@id":"https:\/\/reservehotelsurubim.com.br\/","url":"https:\/\/reservehotelsurubim.com.br\/","name":"O Hotel |","isPartOf":{"@id":"https:\/\/reservehotelsurubim.com.br\/#website"},"primaryImageOfPage":{"@id":"https:\/\/reservehotelsurubim.com.br\/#primaryimage"},"image":{"@id":"https:\/\/reservehotelsurubim.com.br\/#primaryimage"},"thumbnailUrl":"https:\/\/reservehotelsurubim.com.br\/wp-content\/uploads\/2022\/04\/cropped-PistaDeCooper5-scaled-1.jpg","datePublished":"2022-04-13T16:02:59+00:00","dateModified":"2024-07-05T14:11:53+00:00","description":"O Reserve Hotel disponibiliza confort\u00e1veis apartamentos com uma excelente infraestrutura voltada para neg\u00f3cios e lazer.","breadcrumb":{"@id":"https:\/\/reservehotelsurubim.com.br\/#breadcrumb"},"inLanguage":"pt-BR","potentialAction":[{"@type":"ReadAction","target":["https:\/\/reservehotelsurubim.com.br\/"]}]},{"@type":"ImageObject","inLanguage":"pt-BR","@id":"https:\/\/reservehotelsurubim.com.br\/#primaryimage","url":"https:\/\/reservehotelsurubim.com.br\/wp-content\/uploads\/2022\/04\/cropped-PistaDeCooper5-scaled-1.jpg","contentUrl":"https:\/\/reservehotelsurubim.com.br\/wp-content\/uploads\/2022\/04\/cropped-PistaDeCooper5-scaled-1.jpg","width":2000,"height":1199},{"@type":"BreadcrumbList","@id":"https:\/\/reservehotelsurubim.com.br\/#breadcrumb","itemListElement":[{"@type":"ListItem","position":1,"name":"In\u00edcio","item":"https:\/\/reservehotelsurubim.com.br\/"},{"@type":"ListItem","position":2,"name":"O Hotel"}]},{"@type":"WebSite","@id":"https:\/\/reservehotelsurubim.com.br\/#website","url":"https:\/\/reservehotelsurubim.com.br\/","name":"Reserve Hotel Surubim","description":"O Reserve Hotel disponibiliza confort\u00e1veis apartamentos com uma excelente infraestrutura voltada para neg\u00f3cios e lazer, o que representa uma das melhores op\u00e7\u00f5es em hospedagem na cidade de Surubim e regi\u00e3o.","publisher":{"@id":"https:\/\/reservehotelsurubim.com.br\/#organization"},"alternateName":"Reserve Hotel","potentialAction":[{"@type":"SearchAction","target":{"@type":"EntryPoint","urlTemplate":"https:\/\/reservehotelsurubim.com.br\/?s={search_term_string}"},"query-input":{"@type":"PropertyValueSpecification","valueRequired":true,"valueName":"search_term_string"}}],"inLanguage":"pt-BR"},{"@type":"Organization","@id":"https:\/\/reservehotelsurubim.com.br\/#organization","name":"Reserve Hotel Surubim","alternateName":"Reserve Hotel","url":"https:\/\/reservehotelsurubim.com.br\/","logo":{"@type":"ImageObject","inLanguage":"pt-BR","@id":"https:\/\/reservehotelsurubim.com.br\/#\/schema\/logo\/image\/","url":"https:\/\/reservehotelsurubim.com.br\/wp-content\/uploads\/2022\/01\/cropped-reserve-hotel-logo.png","contentUrl":"https:\/\/reservehotelsurubim.com.br\/wp-content\/uploads\/2022\/01\/cropped-reserve-hotel-logo.png","width":347,"height":250,"caption":"Reserve Hotel Surubim"},"image":{"@id":"https:\/\/reservehotelsurubim.com.br\/#\/schema\/logo\/image\/"},"sameAs":["https:\/\/www.facebook.com\/reservehotelsurubim","https:\/\/www.instagram.com\/reservehotelsurubim\/"]}]}},"_links":{"self":[{"href":"https:\/\/reservehotelsurubim.com.br\/index.php?rest_route=\/wp\/v2\/pages\/202","targetHints":{"allow":["GET"]}}],"collection":[{"href":"https:\/\/reservehotelsurubim.com.br\/index.php?rest_route=\/wp\/v2\/pages"}],"about":[{"href":"https:\/\/reservehotelsurubim.com.br\/index.php?rest_route=\/wp\/v2\/types\/page"}],"author":[{"embeddable":true,"href":"https:\/\/reservehotelsurubim.com.br\/index.php?rest_route=\/wp\/v2\/users\/1"}],"replies":[{"embeddable":true,"href":"https:\/\/reservehotelsurubim.com.br\/index.php?rest_route=%2Fwp%2Fv2%2Fcomments&post=202"}],"version-history":[{"count":5,"href":"https:\/\/reservehotelsurubim.com.br\/index.php?rest_route=\/wp\/v2\/pages\/202\/revisions"}],"predecessor-version":[{"id":309,"href":"https:\/\/reservehotelsurubim.com.br\/index.php?rest_route=\/wp\/v2\/pages\/202\/revisions\/309"}],"wp:attachment":[{"href":"https:\/\/reservehotelsurubim.com.br\/index.php?rest_route=%2Fwp%2Fv2%2Fmedia&parent=202"}],"curies":[{"name":"wp","href":"https:\/\/api.w.org\/{rel}","templated":true}]}}